{"id":2433,"date":"2021-01-28T10:05:19","date_gmt":"2021-01-28T09:05:19","guid":{"rendered":"https:\/\/olszyny.schoolpage.pl\/?page_id=2433"},"modified":"2021-01-28T11:31:32","modified_gmt":"2021-01-28T10:31:32","slug":"klauzula-informacyjna-rodo","status":"publish","type":"page","link":"https:\/\/olszyny.schoolpage.pl\/index.php\/klauzula-informacyjna-rodo\/","title":{"rendered":"Klauzula informacyjna RODO"},"content":{"rendered":"\n<p><strong>Dzia\u0142aj\u0105c w oparciu o art. 13 ust. 1 i 2 Rozporz\u0105dzenia Parlamentu Europejskiego i Rady (UE) 2016\/679 z dnia 27 kwietnia 2016 r. w sprawie ochrony os\u00f3b fizycznych w zwi\u0105zku z przetwarzaniem danych osobowych i w sprawie swobodnego przep\u0142ywu takich danych oraz uchylenia dyrektywy 95\/46\/WE (og\u00f3lne rozporz\u0105dzenie o ochronie danych) (Dz. U. UE. L. z 2016 r. Nr 119, str. 1 z p\u00f3\u017an. zm.), zwanego dalej \u201eRODO\u201d, niniejszym informuj\u0119, i\u017c:<\/strong><\/p>\n\n\n\n<p><strong>1)&nbsp;<\/strong>Administratorem Pani\/Pana danych osobowych jest <strong>Przedszkole Samorz\u0105dowe w Olszynach<\/strong>, Olszyny, ul. Przedszkolna 4, 32-551 Babice adres email: przedszkoleolszyny@onet.pl reprezentowane przez Teres\u0119 Haber.<\/p>\n\n\n\n<p><strong>2)\u00a0<\/strong>Administrator powo\u0142a\u0142 Inspektora Ochrony Danych Osobowych, z kt\u00f3rym kontakt mo\u017cna uzyska\u0107 za po\u015brednictwem poczty elektronicznej pod adresem: musialmarta@ochronadznych.jaw.pl<\/p>\n\n\n\n<p><strong>3)&nbsp;<\/strong>Pana\/Pani dane osobowe b\u0119d\u0105 wykorzystywane w celu umo\u017cliwienia komunikacji, a zatem wys\u0142ania zapytania za po\u015brednictwem formularza kontaktowego i nast\u0119pnie otrzymania odpowiedzi.<\/p>\n\n\n\n<p><strong>4)&nbsp;<\/strong>Kontaktuj\u0105c si\u0119 z nami za po\u015brednictwem formularza kontaktowego wyra\u017ca Pan\/Pani zgod\u0119 na przetwarzanie danych osobowych w celach, o kt\u00f3rych mowa w punkcie 3., a zatem podstaw\u0105 przetwarzania danych jest art. 6 ust. 1 lit. a). RODO \u2013 zgoda osoby, kt\u00f3rej dane dotycz\u0105.<\/p>\n\n\n\n<p><strong>5) Przys\u0142uguje Pani\/ Panu prawo do wycofania zgody na przetwarzanie danych osobowych w ka\u017cdym czasie, przy czym wycofanie zgody pozostaje bez wp\u0142ywu na zgodno\u015b\u0107 z prawem przetwarzania, kt\u00f3rego dokonano na podstawie tej zgody przed jej wycofaniem.<\/strong><\/p>\n\n\n\n<p><strong>6)&nbsp;<\/strong>Odbiorc\u0105 danych osobowych b\u0119dzie podmiot realizuj\u0105cy hosting strony internetowej. Administrator nie zamierza przekazywa\u0107 danych osobowych do pa\u0144stw trzecich poza obszar EOG, jak r\u00f3wnie\u017c do organizacji mi\u0119dzynarodowych.<\/p>\n\n\n\n<p><strong>7)&nbsp;<\/strong>Dane osobowe przetwarzane do celu wskazanego w punkcie 3. b\u0119d\u0105 przechowywane przez okres trwania korespondencji uzasadniony rodzajem zapytania (jednak nie d\u0142u\u017cej ni\u017c przez okres 3 miesi\u0119cy od daty zako\u0144czenia korespondencji), ewentualnie do czasu wcze\u015bniejszego odwo\u0142ania zgody na przetwarzanie. Po up\u0142ywie tego okresu dane zostan\u0105 usuni\u0119te.<\/p>\n\n\n\n<p><strong>8)&nbsp;<\/strong>Przys\u0142uguje Pani\/Panu prawo:<\/p>\n\n\n\n<ol class=\"wp-block-list\"><li>\u017c\u0105dania dost\u0119pu do danych oraz ich sprostowania,<\/li><li>ograniczenia przetwarzania lub usuni\u0119cia danych osobowych,<\/li><li>przeniesienia danych osobowych,<\/li><li>zg\u0142oszenia skargi do Prezesa Urz\u0119du Ochrony Danych Osobowych w razie dopuszczenia si\u0119 przez Administratora naruszenia obowi\u0105zk\u00f3w z zakresu ochrony danych osobowych.<\/li><\/ol>\n\n\n\n<p><strong>9)&nbsp;<\/strong>Podanie przez Pana\/Pani\u0105 danych osobowych jest dobrowolne. Konsekwencj\u0105 niepodania danych osobowych jest niemo\u017cno\u015b\u0107 komunikacji za po\u015brednictwem formularza kontaktowego.<\/p>\n\n\n\n<p><strong>10)&nbsp;<\/strong>Administrator nie stosuje zautomatyzowanego podejmowania decyzji, w tym profilowania.<\/p>\n","protected":false},"excerpt":{"rendered":"<p>Dzia\u0142aj\u0105c w oparciu o art. 13 ust. 1 i 2 Rozporz\u0105dzenia Parlamentu Europejskiego i Rady (UE) 2016\/679 z dnia 27 kwietnia 2016 r. w sprawie ochrony os\u00f3b fizycznych w zwi\u0105zku z przetwarzaniem danych osobowych i w sprawie swobodnego przep\u0142ywu takich<\/p>\n","protected":false},"author":1,"featured_media":0,"parent":0,"menu_order":0,"comment_status":"closed","ping_status":"closed","template":"","meta":{"footnotes":""},"class_list":["post-2433","page","type-page","status-publish","hentry"],"_links":{"self":[{"href":"https:\/\/olszyny.schoolpage.pl\/index.php\/wp-json\/wp\/v2\/pages\/2433","targetHints":{"allow":["GET"]}}],"collection":[{"href":"https:\/\/olszyny.schoolpage.pl\/index.php\/wp-json\/wp\/v2\/pages"}],"about":[{"href":"https:\/\/olszyny.schoolpage.pl\/index.php\/wp-json\/wp\/v2\/types\/page"}],"author":[{"embeddable":true,"href":"https:\/\/olszyny.schoolpage.pl\/index.php\/wp-json\/wp\/v2\/users\/1"}],"replies":[{"embeddable":true,"href":"https:\/\/olszyny.schoolpage.pl\/index.php\/wp-json\/wp\/v2\/comments?post=2433"}],"version-history":[{"count":3,"href":"https:\/\/olszyny.schoolpage.pl\/index.php\/wp-json\/wp\/v2\/pages\/2433\/revisions"}],"predecessor-version":[{"id":2445,"href":"https:\/\/olszyny.schoolpage.pl\/index.php\/wp-json\/wp\/v2\/pages\/2433\/revisions\/2445"}],"wp:attachment":[{"href":"https:\/\/olszyny.schoolpage.pl\/index.php\/wp-json\/wp\/v2\/media?parent=2433"}],"curies":[{"name":"wp","href":"https:\/\/api.w.org\/{rel}","templated":true}]}}