{"id":35,"date":"2019-06-14T17:41:36","date_gmt":"2019-06-14T15:41:36","guid":{"rendered":"https:\/\/olszyny.schoolpage.pl\/?page_id=35"},"modified":"2025-10-29T18:38:54","modified_gmt":"2025-10-29T17:38:54","slug":"aktualnosci","status":"publish","type":"page","link":"https:\/\/olszyny.schoolpage.pl\/index.php\/aktualnosci\/","title":{"rendered":"Aktualno\u015bci"},"content":{"rendered":"\n<p class=\"has-text-align-center has-luminous-vivid-orange-background-color has-background\"><br><strong>PROJEKTY EDUKACYJNE REALIZOWANE W NASZYM PRZEDSZKOLU<\/strong><\/p>\n\n\n\n<p class=\"has-text-align-center has-white-color has-vivid-purple-background-color has-text-color has-background has-link-color wp-elements-2c346e2b90c870ea298fe3f18c2c3bda\">PROJEKT DWUJ\u0118ZYCZNE MALUCHY MOF CHRZANOWA <\/p>\n\n\n\n<p>Projekt&nbsp;<strong>\u201eDwuj\u0119zyczne maluchy MOF Chrzanowa\u201d<\/strong>&nbsp; jest realizowany przez&nbsp;<strong>Agencj\u0119 Rozwoju Ma\u0142opolski Zachodniej S.A<\/strong>.&nbsp;w partnerstwie z&nbsp;<strong>Gmin\u0105 Chrzan\u00f3w, Gmin\u0105 Libi\u0105\u017c, Gmin\u0105 Trzebinia oraz Gmin\u0105 Babice.<\/strong><\/p>\n\n\n\n<p><strong>Cel projektu:<\/strong><\/p>\n\n\n\n<p>Celem projektu jest wzrost umiej\u0119tno\u015bci dzieci w wieku przedszkolnym w zakresie praktycznego pos\u0142ugiwania si\u0119 j\u0119zykiem angielskim<br>poprzez wdro\u017cenie programu dwuj\u0119zyczno\u015bci w 19 oddzia\u0142ach przedszkolnych 11 przedszkoli na terenach Gmin Libi\u0105\u017c, Babice, Chrzan\u00f3w i<br>Trzebinia w wojew\u00f3dztwie ma\u0142opolskim. Program ma na celu zapewnienie dzieciom naturalnego kontaktu z j\u0119zykiem obcym poprzez<br>codzienne zaj\u0119cia, zabawy oraz interakcje z nauczycielami, co pozwoli na efektywne przyswajanie podstaw komunikacji w j\u0119zyku<br>angielskim.<br>Dzi\u0119ki projektowi dzieci b\u0119d\u0105 mia\u0142y mo\u017cliwo\u015b\u0107 rozwijania swoich kompetencji j\u0119zykowych ju\u017c na wczesnym etapie edukacji, co<br>pozytywnie wp\u0142ynie na ich dalszy rozw\u00f3j edukacyjny oraz zwi\u0119kszy ich szanse na przysz\u0142y sukces szkolny i zawodowy.<br>Dodatkowo, celem projektu jest r\u00f3wnie\u017c podniesienie kwalifikacji oko\u0142o 54 nauczycieli z kadry pedagogicznej OWP bior\u0105cych udzia\u0142 w<br>projekcie w zakresie nauczania dwuj\u0119zycznego, co pozwoli na zapewnienie wysokiej jako\u015bci edukacji w plac\u00f3wkach przedszkolnych.<\/p>\n\n\n\n<p>W ramach projektu przedszkola zostan\u0105 r\u00f3wnie\u017c doposa\u017cone w urz\u0105dzenia konieczne do nauki j\u0119zyka angielskiego w formule dwuj\u0119zycznej takie jak g\u0142o\u015bniki, monitory interaktywne czy laptopy. OWP zostan\u0105 r\u00f3wnie\u017c dostosowane do potrzeb os\u00f3b z niepe\u0142nosprawno\u015bciami poprzez zakup p\u0119tli indukcyjnych, plan\u00f3w tyflograficzych, tabliczek informacyjnych w j\u0119zyku Braille\u2019a oraz oznacze\u0144 sensorycznych.<\/p>\n\n\n\n<p><strong>Uczestnicy Projektu:<\/strong><\/p>\n\n\n\n<p>Wsparciem w ramach projektu obj\u0119tych zostanie 11 OWP znajduj\u0105cych si\u0119 na terenie gmin: Chrzan\u00f3w, Trzebinia, Libi\u0105\u017c i Babice w<br>wojew\u00f3dztwie ma\u0142opolskim. Uczestnikami projektu b\u0119d\u0105 dzieci w wieku przedszkolnym ucz\u0119szczaj\u0105ce do OWP obj\u0119tych wsparciem w<br>projekcie oraz nauczyciele pracuj\u0105cy z oddzia\u0142ami obj\u0119tymi wsparciem w danej plac\u00f3wce.<br>W projekcie \u201eDwuj\u0119zyczne maluchy MOF Chrzanowa\u201d we\u017amie udzia\u0142:<br>\u2013 max. 45 dzieci ucz\u0105cych si\u0119 i 6 nauczycieli pracuj\u0105cych w Przedszkolu Samorz\u0105dowym nr 3 z Oddzia\u0142ami Integracyjnymi w Libi\u0105\u017cu w<br>Zespole Szkolno-Przedszkolnym z Oddzia\u0142ami Integracyjnymi w Libi\u0105\u017cu<br>\u2013 max. 50 dzieci ucz\u0105cych si\u0119 i 5 nauczycieli pracuj\u0105cych w Przedszkolu Samorz\u0105dowym nr 4 im. Kubusia Puchatka w Zespole Szkolno-<br>Przedszkolnym nr 2 w Libi\u0105\u017cu<br>\u2013 max. 45 dzieci ucz\u0105cych si\u0119 i 6 nauczycieli pracuj\u0105cych w Przedszkolu Samorz\u0105dowym nr 1 z Oddzia\u0142ami Integracyjnymi w Libi\u0105\u017cu<br>\u2013 max. 50 dzieci ucz\u0105cych si\u0119 i 5 nauczycieli pracuj\u0105cych w Przedszkolu Samorz\u0105dowym w Zag\u00f3rzu<br>\u2013 max. 50 dzieci ucz\u0105cych si\u0119 i 5 nauczycieli pracuj\u0105cych w Przedszkolu Samorz\u0105dowym w Babicach<br>\u2013 max. 25 dzieci ucz\u0105cych si\u0119 i 3 nauczycieli pracuj\u0105cych w Przedszkolu Samorz\u0105dowym w Olszynach<br>\u2013 max. 25 dzieci ucz\u0105cych si\u0119 i 3 nauczycieli pracuj\u0105cych w Zespole Szk\u00f3\u0142 w M\u0119tkowie \u2013 Przedszkole Samorz\u0105dowe w M\u0119tkowie<br>\u2013 max. 50 dzieci ucz\u0105cych si\u0119 i 5 nauczycieli pracuj\u0105cych w Zespole Szkolno-Przedszkolnym w M\u0142oszowej<br>\u2013 max. 50 dzieci ucz\u0105cych si\u0119 i 5 nauczycieli pracuj\u0105cych w Przedszkolu Samorz\u0105dowym nr 6 im. Jana Paw\u0142a II w Trzebini<br>\u2013 max. 40 dzieci ucz\u0105cych si\u0119 i 7 nauczycieli pracuj\u0105cych w Przedszkolu Samorz\u0105dowym nr 10 z Oddzia\u0142ami Integracyjnymi w Chrzanowie<br>\u2013 max. 20 dzieci ucz\u0105cych si\u0119 i 4 nauczycieli pracuj\u0105cych w Przedszkolu przy Szkole Podstawowej nr 8 im. Szarych Szereg\u00f3w w Chrzanowie<br>Powy\u017cej wskazane ilo\u015bci dzieci bior\u0105cych udzia\u0142 w projekcie zosta\u0142y okre\u015blone na podstawie diagnoz przeprowadzonych w OWP bior\u0105cych<br>udzia\u0142 w projekcie. S\u0105 to maksymalne ilo\u015bci dzieci, kt\u00f3re mog\u0105 wzi\u0105\u0107 udzia\u0142 w programie przy uwzgl\u0119dnionych za\u0142o\u017ceniach bud\u017cetowych.<br>Ilo\u015b\u0107 dzieci mo\u017ce ulec zmianie ze wzgl\u0119du na ich rotacje w przedszkolach. Wszyscy uczestnicy projektu zamieszkuj\u0105, ucz\u0105 si\u0119 lub pracuj\u0105<br>na terenie wojew\u00f3dztwa ma\u0142opolskiego.<\/p>\n\n\n\n<p><strong>G\u0142\u00f3wnymi rezultatami projektu b\u0119d\u0105:<\/strong><br>\u2013 wdro\u017cenie programu dwuj\u0119zyczno\u015bci w 11 przedszkolach (19 oddzia\u0142ach przedszkolnych) obj\u0119tych projektem<br>\u2013 podniesienie kompetencji nauczycieli w zakresie nauczania dwuj\u0119zycznego w przedszkolu, co przyczyni si\u0119 do podniesienia jako\u015bci<br>edukacji<br>\u2013 dostosowanie 11 plac\u00f3wek przedszkolnych do nauki w systemie dwuj\u0119zyczno\u015bci<\/p>\n\n\n\n<p><strong>Okres trwania projektu:&nbsp;<\/strong>01.05.2025 r. \u2013 30.06.2028 r.<\/p>\n\n\n\n<p><strong>Ca\u0142kowita warto\u015b\u0107 projektu<\/strong>: 2 067 815,00 z\u0142<br><strong>Wk\u0142ad z Funduszy Europejskich:<\/strong>&nbsp;1 756 586,39 z\u0142<\/p>\n\n\n\n<p><strong>Karta Praw Podstawowych (KPP) i Konwencja o Prawach Os\u00f3b Niepe\u0142nosprawnych (KPON) w ramach projekt\u00f3w finansowanych z funduszy UE<\/strong><\/p>\n\n\n\n<p>Realizacja projektu odbywa si\u0119 z poszanowaniem Karty Praw Podstawowych Unii Europejskiej, w tym zasad r\u00f3wno\u015bci, zakazu dyskryminacji oraz ochrony godno\u015bci wszystkich uczestnik\u00f3w. Ka\u017cdy uczestnik projektu jest traktowany jednakowo, niezale\u017cnie od p\u0142ci, rasy, wieku, niepe\u0142nosprawno\u015bci, religii, orientacji seksualnej czy statusu spo\u0142eczno-ekonomicznego.<\/p>\n\n\n\n<p>Ka\u017cdy uczestnik projektu ma prawo do zg\u0142oszenia wszelkich nieprawid\u0142owo\u015bci lub narusze\u0144 jego praw w ramach realizacji projektu. Realizator projektu zobowi\u0105zuje si\u0119 do zapewnienia mechanizmu zg\u0142aszania skarg oraz do rozpatrzenia ka\u017cdej skargi w spos\u00f3b rzetelny i zgodny z obowi\u0105zuj\u0105cymi przepisami. W przypadku stwierdzenia narusze\u0144, Realizator projektu zobowi\u0105zuje si\u0119 podj\u0105\u0107 niezb\u0119dne dzia\u0142ania koryguj\u0105ce. Realizator projektu informuje o mo\u017cliwo\u015bci zg\u0142aszania podejrzenia o&nbsp;niezgodno\u015bci projekt\u00f3w (operacji) lub dzia\u0142a\u0144 zwi\u0105zanych z realizacj\u0105 projektu przez Realizatora projektu z KPP i&nbsp;KPON do IZ na adres mailowy:&nbsp;KPP_KPON@umwm.malopolska.pl. Koordynatorem ds. KPP z ramienia IZ FEM 2021-2027 jest Agnieszka Bartnik tel: 12 299 06 72; Koordynatorem ds. r\u00f3wno\u015bci z ramienia IZ FEM 2021-2027 Barbara Kasprzycka tel: 12 299 09 70. Procedura zg\u0142oszenia podejrzenia niezgodno\u015bci\u0105 z KPP i KPON znajduje si\u0119 na stronie FEM&nbsp;<a href=\"https:\/\/www.fundusze.malopolska.pl\/poradnik\/8312-zgloszenia-podejrzenia-niezgodnosci-z-karta-praw-podstawowych-unii-europejskiej-i\">Zg\u0142oszenia podejrzenia niezgodno\u015bci z Kart\u0105 Praw Podstawowych Unii Europejskiej i Konwencj\u0105 o prawach os\u00f3b niepe\u0142nosprawnych | Serwis programu Fundusze Europejskie dla Ma\u0142opolski 2021-2027<\/a>.<\/p>\n\n\n\n<p>Realizator projektu o\u015bwiadcza, \u017ce wszyscy pracownicy oraz osoby zaanga\u017cowane w realizacj\u0119 projektu zostali przeszkoleni w zakresie praw podstawowych oraz zasad wynikaj\u0105cych z Konwencji o Prawach Os\u00f3b Niepe\u0142nosprawnych. Przeszkolenie to obejmuje r\u00f3wnie\u017c zasady r\u00f3wnego traktowania i odpowiedniego wsparcia os\u00f3b z niepe\u0142nosprawno\u015bciami w ramach projektu.<\/p>\n\n\n\n<p>#FunduszeUE<\/p>\n\n\n\n<p>#FunduszeEuropejskie<\/p>\n","protected":false},"excerpt":{"rendered":"<p>PROJEKTY EDUKACYJNE REALIZOWANE W NASZYM PRZEDSZKOLU PROJEKT DWUJ\u0118ZYCZNE MALUCHY MOF CHRZANOWA Projekt&nbsp;\u201eDwuj\u0119zyczne maluchy MOF Chrzanowa\u201d&nbsp; jest realizowany przez&nbsp;Agencj\u0119 Rozwoju Ma\u0142opolski Zachodniej S.A.&nbsp;w partnerstwie z&nbsp;Gmin\u0105 Chrzan\u00f3w, Gmin\u0105 Libi\u0105\u017c, Gmin\u0105 Trzebinia oraz Gmin\u0105 Babice. Cel projektu: Celem projektu jest wzrost umiej\u0119tno\u015bci dzieci<\/p>\n","protected":false},"author":1,"featured_media":0,"parent":0,"menu_order":2,"comment_status":"closed","ping_status":"closed","template":"","meta":{"footnotes":""},"class_list":["post-35","page","type-page","status-publish","hentry"],"_links":{"self":[{"href":"https:\/\/olszyny.schoolpage.pl\/index.php\/wp-json\/wp\/v2\/pages\/35","targetHints":{"allow":["GET"]}}],"collection":[{"href":"https:\/\/olszyny.schoolpage.pl\/index.php\/wp-json\/wp\/v2\/pages"}],"about":[{"href":"https:\/\/olszyny.schoolpage.pl\/index.php\/wp-json\/wp\/v2\/types\/page"}],"author":[{"embeddable":true,"href":"https:\/\/olszyny.schoolpage.pl\/index.php\/wp-json\/wp\/v2\/users\/1"}],"replies":[{"embeddable":true,"href":"https:\/\/olszyny.schoolpage.pl\/index.php\/wp-json\/wp\/v2\/comments?post=35"}],"version-history":[{"count":269,"href":"https:\/\/olszyny.schoolpage.pl\/index.php\/wp-json\/wp\/v2\/pages\/35\/revisions"}],"predecessor-version":[{"id":9629,"href":"https:\/\/olszyny.schoolpage.pl\/index.php\/wp-json\/wp\/v2\/pages\/35\/revisions\/9629"}],"wp:attachment":[{"href":"https:\/\/olszyny.schoolpage.pl\/index.php\/wp-json\/wp\/v2\/media?parent=35"}],"curies":[{"name":"wp","href":"https:\/\/api.w.org\/{rel}","templated":true}]}}