{"id":47,"date":"2019-06-14T17:43:06","date_gmt":"2019-06-14T15:43:06","guid":{"rendered":"https:\/\/olszyny.schoolpage.pl\/?page_id=47"},"modified":"2019-09-03T22:09:35","modified_gmt":"2019-09-03T20:09:35","slug":"rozklad-dnia","status":"publish","type":"page","link":"https:\/\/olszyny.schoolpage.pl\/index.php\/przedszkole\/rozklad-dnia\/","title":{"rendered":"Rozk\u0142ad dnia"},"content":{"rendered":"\n<p><strong>6:30 &#8211; 8:00<\/strong> Schodzenie si\u0119 dzieci do przedszkola. Zabawy dowolne s\u0142u\u017c\u0105ce realizacji pomys\u0142\u00f3w dzieci. Praca indywidualna, zabawy dydaktyczne, gry stolikowe, zabawy logopedyczne, matematyczne, rozmowy, \u0107wiczenia poranne, zabawy konstrukcyjne.<br><\/p>\n\n\n\n<p><strong>8:00 &#8211; 8:30<\/strong> \u0106wiczenia poranne.<\/p>\n\n\n\n<p><strong>8:30 &#8211; 9:00<\/strong> Czynno\u015bci higieniczne, przygotowanie do \u015bniadania. \u015aniadanie.<\/p>\n\n\n\n<p><strong>9:00 &#8211; 10:00<\/strong>  Zaj\u0119cia inicjowane przez nauczyciela rozwijaj\u0105ce sprawno\u015b\u0107 fizyczn\u0105, emocjonaln\u0105, spo\u0142eczn\u0105, poznawcz\u0105 &#8211; zaj\u0119cia zgodne z podstaw\u0105 programow\u0105 realizowan\u0105 wg. wybranego programu wychowania przedszkolnego.<\/p>\n\n\n\n<p><strong>10:00 &#8211; 10:15<\/strong> Czynno\u015bci higieniczne. Drugie \u015bniadanie.<\/p>\n\n\n\n<p><strong>10:15 &#8211; 11:30<\/strong> Samorzutna aktywno\u015b\u0107 ruchowa, konstrukcyjna, badawcza, wyp\u0142ywaj\u0105ca z inicjatywy dzieci. Zabawy wed\u0142ug zainteresowa\u0144 dzieci. Gry i zabawy ruchowe na \u015bwie\u017cym powietrzu , spacery i obserwacje przyrodnicze.<\/p>\n\n\n\n<p><strong>11:30 &#8211; 12:00<\/strong> Czynno\u015bci higieniczne, przygotowanie do obiadu. Obiad. <\/p>\n\n\n\n<p><strong>12:00 &#8211; 14:00  <\/strong>Poobiedni odpoczynek, le\u017cakowanie- grupa maluszk\u00f3w. Relaksacja, odpoczynek, s\u0142uchanie bajek, praca indywidualna- grupa starszak\u00f3w.<\/p>\n\n\n\n<p><strong>14:00 &#8211; 14:15<\/strong> Czynno\u015bci higieniczne. Podwieczorek. <\/p>\n\n\n\n<p><strong>14:15 &#8211; 16:00 <\/strong>Dowolne zabawy z inicjatywy dzieci. Zabawy i gry edukacyjne.<strong> <\/strong>Prace porz\u0105dkowe w k\u0105cikach zainteresowa\u0144. Rozchodzenie si\u0119 dzieci.<\/p>\n\n\n\n<p><\/p>\n","protected":false},"excerpt":{"rendered":"<p>6:30 &#8211; 8:00 Schodzenie si\u0119 dzieci do przedszkola. Zabawy dowolne s\u0142u\u017c\u0105ce realizacji pomys\u0142\u00f3w dzieci. Praca indywidualna, zabawy dydaktyczne, gry stolikowe, zabawy logopedyczne, matematyczne, rozmowy, \u0107wiczenia poranne, zabawy konstrukcyjne. 8:00 &#8211; 8:30 \u0106wiczenia poranne. 8:30 &#8211; 9:00 Czynno\u015bci higieniczne, przygotowanie do<\/p>\n","protected":false},"author":1,"featured_media":0,"parent":51,"menu_order":0,"comment_status":"closed","ping_status":"closed","template":"","meta":{"footnotes":""},"class_list":["post-47","page","type-page","status-publish","hentry"],"_links":{"self":[{"href":"https:\/\/olszyny.schoolpage.pl\/index.php\/wp-json\/wp\/v2\/pages\/47","targetHints":{"allow":["GET"]}}],"collection":[{"href":"https:\/\/olszyny.schoolpage.pl\/index.php\/wp-json\/wp\/v2\/pages"}],"about":[{"href":"https:\/\/olszyny.schoolpage.pl\/index.php\/wp-json\/wp\/v2\/types\/page"}],"author":[{"embeddable":true,"href":"https:\/\/olszyny.schoolpage.pl\/index.php\/wp-json\/wp\/v2\/users\/1"}],"replies":[{"embeddable":true,"href":"https:\/\/olszyny.schoolpage.pl\/index.php\/wp-json\/wp\/v2\/comments?post=47"}],"version-history":[{"count":2,"href":"https:\/\/olszyny.schoolpage.pl\/index.php\/wp-json\/wp\/v2\/pages\/47\/revisions"}],"predecessor-version":[{"id":101,"href":"https:\/\/olszyny.schoolpage.pl\/index.php\/wp-json\/wp\/v2\/pages\/47\/revisions\/101"}],"up":[{"embeddable":true,"href":"https:\/\/olszyny.schoolpage.pl\/index.php\/wp-json\/wp\/v2\/pages\/51"}],"wp:attachment":[{"href":"https:\/\/olszyny.schoolpage.pl\/index.php\/wp-json\/wp\/v2\/media?parent=47"}],"curies":[{"name":"wp","href":"https:\/\/api.w.org\/{rel}","templated":true}]}}