{"id":8,"date":"2019-06-14T17:26:17","date_gmt":"2019-06-14T15:26:17","guid":{"rendered":"https:\/\/olszyny.schoolpage.pl\/?page_id=8"},"modified":"2019-09-09T22:18:19","modified_gmt":"2019-09-09T20:18:19","slug":"o-nas","status":"publish","type":"page","link":"https:\/\/olszyny.schoolpage.pl\/index.php\/przedszkole\/o-nas\/","title":{"rendered":"O nas"},"content":{"rendered":"\n<p style=\"text-align:center\">Przedszkole Samorz\u0105dowe w Olszynach jest plac\u00f3wk\u0105 o\u015bwiatow\u0105 prowadzon\u0105 przez Gmin\u0119 Babice. <\/p>\n\n\n\n<p style=\"text-align:center\">W przedszkolu otwarte s\u0105 dwa oddzia\u0142y przedszkolne.  Ka\u017cda z grup ma swoj\u0105 jasn\u0105 i kolorow\u0105 sal\u0119, kt\u00f3ra spe\u0142nia wszelkie wymogi bezpiecze\u0144stwa. Nasze przedszkolaki ch\u0119tnie bawi\u0105 si\u0119, ucz\u0105 i nawi\u0105zuj\u0105 kontakty z r\u00f3wie\u015bnikami w przedszkolu. Przedszkole wyposa\u017cone jest w wspania\u0142y, du\u017cy, zielony, dobrze zagospodarowany ogr\u00f3d, kt\u00f3ry po\u0142o\u017cony jest w zacisznym miejscu, z daleka od ruchliwej drogi. Dzieci ch\u0119tnie wychodz\u0105 na zewn\u0105trz  i poznaj\u0105 \u015bwiat <br>o ka\u017cdej porze roku. <\/p>\n\n\n\n<p style=\"text-align:center\">Celem naszego przedszkola jest poznanie dziecka, jego zdolno\u015bci i zainteresowa\u0144. Dbanie o bezpiecze\u0144stwo oraz  przestrzeganie praw dziecka. Dzieci maj\u0105 mo\u017cliwo\u015b\u0107 uczestniczenia w r\u00f3\u017cnych ciekawych zaj\u0119ciach i zabawach. Podczas pobytu w przedszkolu \u015bpiewaj\u0105 piosenki, ucz\u0105 si\u0119 wierszyk\u00f3w, eksperymentuj\u0105 oraz wykonuj\u0105 ciekawe prace plastyczne. Na wszechstronny rozw\u00f3j dzieci wp\u0142ywamy poprzez zabaw\u0119, jednocze\u015bnie przygotowuj\u0105c ich do startu w \u017cycie szkolne.<\/p>\n","protected":false},"excerpt":{"rendered":"<p>Przedszkole Samorz\u0105dowe w Olszynach jest plac\u00f3wk\u0105 o\u015bwiatow\u0105 prowadzon\u0105 przez Gmin\u0119 Babice. W przedszkolu otwarte s\u0105 dwa oddzia\u0142y przedszkolne. Ka\u017cda z grup ma swoj\u0105 jasn\u0105 i kolorow\u0105 sal\u0119, kt\u00f3ra spe\u0142nia wszelkie wymogi bezpiecze\u0144stwa. Nasze przedszkolaki ch\u0119tnie bawi\u0105 si\u0119, ucz\u0105 i nawi\u0105zuj\u0105<\/p>\n","protected":false},"author":1,"featured_media":0,"parent":51,"menu_order":0,"comment_status":"closed","ping_status":"closed","template":"","meta":{"footnotes":""},"class_list":["post-8","page","type-page","status-publish","hentry"],"_links":{"self":[{"href":"https:\/\/olszyny.schoolpage.pl\/index.php\/wp-json\/wp\/v2\/pages\/8","targetHints":{"allow":["GET"]}}],"collection":[{"href":"https:\/\/olszyny.schoolpage.pl\/index.php\/wp-json\/wp\/v2\/pages"}],"about":[{"href":"https:\/\/olszyny.schoolpage.pl\/index.php\/wp-json\/wp\/v2\/types\/page"}],"author":[{"embeddable":true,"href":"https:\/\/olszyny.schoolpage.pl\/index.php\/wp-json\/wp\/v2\/users\/1"}],"replies":[{"embeddable":true,"href":"https:\/\/olszyny.schoolpage.pl\/index.php\/wp-json\/wp\/v2\/comments?post=8"}],"version-history":[{"count":7,"href":"https:\/\/olszyny.schoolpage.pl\/index.php\/wp-json\/wp\/v2\/pages\/8\/revisions"}],"predecessor-version":[{"id":125,"href":"https:\/\/olszyny.schoolpage.pl\/index.php\/wp-json\/wp\/v2\/pages\/8\/revisions\/125"}],"up":[{"embeddable":true,"href":"https:\/\/olszyny.schoolpage.pl\/index.php\/wp-json\/wp\/v2\/pages\/51"}],"wp:attachment":[{"href":"https:\/\/olszyny.schoolpage.pl\/index.php\/wp-json\/wp\/v2\/media?parent=8"}],"curies":[{"name":"wp","href":"https:\/\/api.w.org\/{rel}","templated":true}]}}